{"id":960,"date":"2024-03-01T20:22:27","date_gmt":"2024-03-01T19:22:27","guid":{"rendered":"https:\/\/immelspfote.de\/?page_id=960"},"modified":"2025-02-09T14:37:35","modified_gmt":"2025-02-09T13:37:35","slug":"wurfplanung","status":"publish","type":"page","link":"https:\/\/immelspfote.de\/index.php\/wurfplanung\/","title":{"rendered":"Wurfplanung"},"content":{"rendered":"\n<p>f\u00fcr Ende M\u00e4rz 2025<\/p>\n\n\n\n<p>Wir waren mit Olly wieder auf Hochzeitsreise bei der lieben Laetitia auf dem <a data-type=\"link\" data-id=\"https:\/\/www.berghof-engelsbrand.de\/\" href=\"https:\/\/www.berghof-engelsbrand.de\/\">Berghof Engelsbrand<\/a>. <\/p>\n\n\n\n<p>Dort hatte meine kleine Quatschnase Olly ein vielversprechendes Date mit dem wundersch\u00f6nen Grisou vom Birkenwappen.<\/p>\n\n\n\n<p>Nun sind wir nat\u00fcrlich m\u00e4chtig auf den Ultraschall-Termin gespannt. Dann wissen wir endlich, ob das Date erfolgreich war und wir uns demn\u00e4chst wieder auf ein Nest voller zuckers\u00fc\u00dfer Olly-Babies freuen d\u00fcrfen. <\/p>\n\n\n\n<p><\/p>\n\n\n\n<figure class=\"wp-block-image size-large\"><img loading=\"lazy\" decoding=\"async\" width=\"1024\" height=\"683\" data-attachment-id=\"998\" data-permalink=\"https:\/\/immelspfote.de\/index.php\/wurfplanung\/f89ae47c-d0dd-421e-a7fd-8eae17c77214-1\/\" data-orig-file=\"https:\/\/immelspfote.de\/wp-content\/uploads\/2025\/02\/f89ae47c-d0dd-421e-a7fd-8eae17c77214-1.jpg\" data-orig-size=\"1500,1000\" data-comments-opened=\"1\" data-image-meta=\"{&quot;aperture&quot;:&quot;0&quot;,&quot;credit&quot;:&quot;&quot;,&quot;camera&quot;:&quot;&quot;,&quot;caption&quot;:&quot;&quot;,&quot;created_timestamp&quot;:&quot;0&quot;,&quot;copyright&quot;:&quot;&quot;,&quot;focal_length&quot;:&quot;0&quot;,&quot;iso&quot;:&quot;0&quot;,&quot;shutter_speed&quot;:&quot;0&quot;,&quot;title&quot;:&quot;&quot;,&quot;orientation&quot;:&quot;1&quot;}\" data-image-title=\"f89ae47c-d0dd-421e-a7fd-8eae17c77214-1\" data-image-description=\"\" data-image-caption=\"\" data-medium-file=\"https:\/\/immelspfote.de\/wp-content\/uploads\/2025\/02\/f89ae47c-d0dd-421e-a7fd-8eae17c77214-1-300x200.jpg\" data-large-file=\"https:\/\/immelspfote.de\/wp-content\/uploads\/2025\/02\/f89ae47c-d0dd-421e-a7fd-8eae17c77214-1-1024x683.jpg\" src=\"https:\/\/immelspfote.de\/wp-content\/uploads\/2025\/02\/f89ae47c-d0dd-421e-a7fd-8eae17c77214-1-1024x683.jpg\" alt=\"\" class=\"wp-image-998\" srcset=\"https:\/\/immelspfote.de\/wp-content\/uploads\/2025\/02\/f89ae47c-d0dd-421e-a7fd-8eae17c77214-1-1024x683.jpg 1024w, https:\/\/immelspfote.de\/wp-content\/uploads\/2025\/02\/f89ae47c-d0dd-421e-a7fd-8eae17c77214-1-300x200.jpg 300w, https:\/\/immelspfote.de\/wp-content\/uploads\/2025\/02\/f89ae47c-d0dd-421e-a7fd-8eae17c77214-1-768x512.jpg 768w, https:\/\/immelspfote.de\/wp-content\/uploads\/2025\/02\/f89ae47c-d0dd-421e-a7fd-8eae17c77214-1.jpg 1500w\" sizes=\"auto, (max-width: 1024px) 100vw, 1024px\" \/><\/figure>\n\n\n\n<p>Grisou vom Birkenwappen <\/p>\n\n\n\n<p><\/p>\n\n\n\n<figure class=\"wp-block-image size-large\"><img loading=\"lazy\" decoding=\"async\" width=\"1024\" height=\"768\" data-attachment-id=\"1004\" data-permalink=\"https:\/\/immelspfote.de\/index.php\/wurfplanung\/img_1028-2\/\" data-orig-file=\"https:\/\/immelspfote.de\/wp-content\/uploads\/2025\/02\/img_1028-scaled.jpg\" data-orig-size=\"2560,1920\" data-comments-opened=\"1\" data-image-meta=\"{&quot;aperture&quot;:&quot;1.8&quot;,&quot;credit&quot;:&quot;&quot;,&quot;camera&quot;:&quot;iPhone 8&quot;,&quot;caption&quot;:&quot;&quot;,&quot;created_timestamp&quot;:&quot;1631645714&quot;,&quot;copyright&quot;:&quot;&quot;,&quot;focal_length&quot;:&quot;3.99&quot;,&quot;iso&quot;:&quot;40&quot;,&quot;shutter_speed&quot;:&quot;0.033333333333333&quot;,&quot;title&quot;:&quot;&quot;,&quot;orientation&quot;:&quot;1&quot;}\" data-image-title=\"img_1028\" data-image-description=\"\" data-image-caption=\"\" data-medium-file=\"https:\/\/immelspfote.de\/wp-content\/uploads\/2025\/02\/img_1028-300x225.jpg\" data-large-file=\"https:\/\/immelspfote.de\/wp-content\/uploads\/2025\/02\/img_1028-1024x768.jpg\" src=\"https:\/\/immelspfote.de\/wp-content\/uploads\/2025\/02\/img_1028-1024x768.jpg\" alt=\"\" class=\"wp-image-1004\" srcset=\"https:\/\/immelspfote.de\/wp-content\/uploads\/2025\/02\/img_1028-1024x768.jpg 1024w, https:\/\/immelspfote.de\/wp-content\/uploads\/2025\/02\/img_1028-300x225.jpg 300w, https:\/\/immelspfote.de\/wp-content\/uploads\/2025\/02\/img_1028-768x576.jpg 768w, https:\/\/immelspfote.de\/wp-content\/uploads\/2025\/02\/img_1028-1536x1152.jpg 1536w, https:\/\/immelspfote.de\/wp-content\/uploads\/2025\/02\/img_1028-2048x1536.jpg 2048w\" sizes=\"auto, (max-width: 1024px) 100vw, 1024px\" \/><\/figure>\n\n\n\n<p>Olly Olightly vom Dillberg<\/p>\n","protected":false},"excerpt":{"rendered":"<p>f\u00fcr Ende M\u00e4rz 2025 Wir waren mit Olly wieder auf Hochzeitsreise bei der lieben Laetitia auf dem Berghof Engelsbrand. Dort hatte meine kleine Quatschnase Olly ein vielversprechendes Date mit dem wundersch\u00f6nen Grisou vom Birkenwappen. Nun sind wir nat\u00fcrlich m\u00e4chtig auf den Ultraschall-Termin gespannt. Dann wissen wir endlich, ob das Date erfolgreich war und wir uns [&hellip;]<\/p>\n","protected":false},"author":2,"featured_media":1001,"parent":0,"menu_order":0,"comment_status":"closed","ping_status":"closed","template":"","meta":{"jetpack_post_was_ever_published":false,"footnotes":""},"class_list":["post-960","page","type-page","status-publish","has-post-thumbnail","hentry"],"jetpack_sharing_enabled":true,"jetpack_shortlink":"https:\/\/wp.me\/P9kuTu-fu","jetpack_likes_enabled":true,"jetpack-related-posts":[],"_links":{"self":[{"href":"https:\/\/immelspfote.de\/index.php\/wp-json\/wp\/v2\/pages\/960","targetHints":{"allow":["GET"]}}],"collection":[{"href":"https:\/\/immelspfote.de\/index.php\/wp-json\/wp\/v2\/pages"}],"about":[{"href":"https:\/\/immelspfote.de\/index.php\/wp-json\/wp\/v2\/types\/page"}],"author":[{"embeddable":true,"href":"https:\/\/immelspfote.de\/index.php\/wp-json\/wp\/v2\/users\/2"}],"replies":[{"embeddable":true,"href":"https:\/\/immelspfote.de\/index.php\/wp-json\/wp\/v2\/comments?post=960"}],"version-history":[{"count":12,"href":"https:\/\/immelspfote.de\/index.php\/wp-json\/wp\/v2\/pages\/960\/revisions"}],"predecessor-version":[{"id":1006,"href":"https:\/\/immelspfote.de\/index.php\/wp-json\/wp\/v2\/pages\/960\/revisions\/1006"}],"wp:featuredmedia":[{"embeddable":true,"href":"https:\/\/immelspfote.de\/index.php\/wp-json\/wp\/v2\/media\/1001"}],"wp:attachment":[{"href":"https:\/\/immelspfote.de\/index.php\/wp-json\/wp\/v2\/media?parent=960"}],"curies":[{"name":"wp","href":"https:\/\/api.w.org\/{rel}","templated":true}]}}